{"id":2,"date":"2026-04-24T04:37:00","date_gmt":"2026-04-24T04:37:00","guid":{"rendered":"https:\/\/nhaco.com.vn\/?page_id=2"},"modified":"2026-04-24T07:00:26","modified_gmt":"2026-04-24T07:00:26","slug":"trang-mau","status":"publish","type":"page","link":"https:\/\/nhaco.com.vn\/","title":{"rendered":"Trang ch\u1ee7"},"content":{"rendered":"\n  <div class=\"banner has-hover\" id=\"banner-1531774115\">\n          <div class=\"banner-inner fill\">\n        <div class=\"banner-bg fill\" >\n                                                \n                    <\/div>\n\t\t\n        <div class=\"banner-layers container\">\n            <div class=\"fill banner-link\"><\/div>            \n\t<div class=\"img has-hover x50 md-x50 lg-x50 y50 md-y50 lg-y50\" id=\"image_986081974\">\n\t\t\t\t\t\t\t\t<div class=\"img-inner dark\" >\n\t\t\t<img loading=\"lazy\" decoding=\"async\" width=\"1728\" height=\"592\" src=\"https:\/\/nhaco.com.vn\/wp-content\/uploads\/2026\/04\/banner-1.jpg\" class=\"attachment-2048x2048 size-2048x2048\" alt=\"B\u00e1o Gi\u00e1, Thi C\u00f4ng Nh\u00e0 G\u1ed7 | Nh\u00e0 Th\u1edd C\u1ed5 Tr\u1ecdn G\u00f3i\" srcset=\"https:\/\/nhaco.com.vn\/wp-content\/uploads\/2026\/04\/banner-1.jpg 1728w, https:\/\/nhaco.com.vn\/wp-content\/uploads\/2026\/04\/banner-1-300x103.jpg 300w, https:\/\/nhaco.com.vn\/wp-content\/uploads\/2026\/04\/banner-1-1024x351.jpg 1024w, https:\/\/nhaco.com.vn\/wp-content\/uploads\/2026\/04\/banner-1-768x263.jpg 768w, https:\/\/nhaco.com.vn\/wp-content\/uploads\/2026\/04\/banner-1-1536x526.jpg 1536w\" sizes=\"auto, (max-width: 1728px) 100vw, 1728px\" \/>\t\t\t\t\t\t\n\t\t\t\t\t<\/div>\n\t\t\t\t\t\t\t\t\n<style>\n#image_986081974 {\n  width: 100%;\n}\n<\/style>\n\t<\/div>\n\t\n        <\/div>\n      <\/div>\n\n            \n<style>\n#banner-1531774115 {\n  padding-top: 30%;\n}\n<\/style>\n  <\/div>\n\n\n\n\t<section class=\"section\" id=\"section_446578817\">\n\t\t<div class=\"section-bg fill\" >\n\t\t\t\t\t\t\t\t\t\n\t\t\t\n\n\t\t<\/div>\n\n\t\t\n\n\t\t<div class=\"section-content relative\">\n\t\t\t\n<div class=\"row\"  id=\"row-205197050\">\n\n\t<div id=\"col-1142373277\" class=\"col medium-6 small-12 large-6\"  >\n\t\t\t\t<div class=\"col-inner\"  >\n\t\t\t\n\t\t\t\n\t<div class=\"img has-hover x md-x lg-x y md-y lg-y\" id=\"image_2110715573\">\n\t\t\t\t\t\t\t\t<div class=\"img-inner dark\" >\n\t\t\t<img loading=\"lazy\" decoding=\"async\" width=\"1248\" height=\"832\" src=\"https:\/\/nhaco.com.vn\/wp-content\/uploads\/2026\/04\/nha-go-1.jpg\" class=\"attachment-2048x2048 size-2048x2048\" alt=\"B\u00e1o Gi\u00e1, Thi C\u00f4ng Nh\u00e0 G\u1ed7 | Nh\u00e0 Th\u1edd C\u1ed5 Tr\u1ecdn G\u00f3i\" srcset=\"https:\/\/nhaco.com.vn\/wp-content\/uploads\/2026\/04\/nha-go-1.jpg 1248w, https:\/\/nhaco.com.vn\/wp-content\/uploads\/2026\/04\/nha-go-1-300x200.jpg 300w, https:\/\/nhaco.com.vn\/wp-content\/uploads\/2026\/04\/nha-go-1-1024x683.jpg 1024w, https:\/\/nhaco.com.vn\/wp-content\/uploads\/2026\/04\/nha-go-1-768x512.jpg 768w\" sizes=\"auto, (max-width: 1248px) 100vw, 1248px\" \/>\t\t\t\t\t\t\n\t\t\t\t\t<\/div>\n\t\t\t\t\t\t\t\t\n<style>\n#image_2110715573 {\n  width: 100%;\n}\n<\/style>\n\t<\/div>\n\t\n\t\t<\/div>\n\t\t\t\t\t<\/div>\n\n\t\n\n\t<div id=\"col-1887363130\" class=\"col medium-6 small-12 large-6\"  >\n\t\t\t\t<div class=\"col-inner\"  >\n\t\t\t\n\t\t\t\n<p style=\"text-align: justify;\" data-start=\"23\" data-end=\"287\"><strong>NH\u00c0 G\u1ed6 QUANG S\u00c1NG<\/strong><\/p>\n<p style=\"text-align: justify;\" data-start=\"23\" data-end=\"287\">Chuy\u00ean thi\u1ebft k\u1ebf v\u00e0 thi c\u00f4ng <strong data-start=\"51\" data-end=\"87\">nh\u00e0 g\u1ed7 c\u1ed5 truy\u1ec1n B\u1eafc B\u1ed9 Vi\u1ec7t Nam<\/strong>, mang \u0111\u1eadm n\u00e9t m\u1ed9c m\u1ea1c, trang nghi\u00eam v\u00e0 tinh hoa ki\u1ebfn tr\u00fac x\u01b0a. Ch\u00fang t\u00f4i nh\u1eadn thi c\u00f4ng c\u00e1c m\u1eabu <strong data-start=\"183\" data-end=\"251\">nh\u00e0 g\u1ed7 3 gian, 5 gian, nh\u00e0 g\u1ed7 s\u00e2n v\u01b0\u1eddn, nh\u00e0 th\u1edd h\u1ecd, nh\u00e0 t\u1eeb \u0111\u01b0\u1eddng<\/strong>\u2026 theo \u0111\u00fang phong c\u00e1ch truy\u1ec1n th\u1ed1ng.<\/p>\n<p style=\"text-align: justify;\" data-start=\"289\" data-end=\"518\" data-is-last-node=\"\" data-is-only-node=\"\">V\u1edbi <strong data-start=\"293\" data-end=\"318\">nh\u00e0 x\u01b0\u1edfng quy m\u00f4 r\u1ed9ng<\/strong>, h\u1ec7 th\u1ed1ng <strong data-start=\"329\" data-end=\"357\">m\u00e1y m\u00f3c n\u00e2ng h\u1ea1 hi\u1ec7n \u0111\u1ea1i<\/strong> c\u00f9ng \u0111\u1ed9i ng\u0169 <strong data-start=\"371\" data-end=\"410\">ngh\u1ec7 nh\u00e2n, th\u1ee3 m\u1ed9c gi\u00e0u kinh nghi\u1ec7m<\/strong>, Nh\u00e0 G\u1ed7 Quang S\u00e1ng cam k\u1ebft mang \u0111\u1ebfn nh\u1eefng c\u00f4ng tr\u00ecnh b\u1ec1n \u0111\u1eb9p, chu\u1ea9n k\u1ef9 thu\u1eadt, gi\u1eef tr\u1ecdn h\u1ed3n c\u1ed1t nh\u00e0 g\u1ed7 Vi\u1ec7t.<\/p>\n\t\t<\/div>\n\t\t\t\t\t<\/div>\n\n\t\n<\/div>\n\t\t<\/div>\n\n\t\t\n<style>\n#section_446578817 {\n  padding-top: 30px;\n  padding-bottom: 30px;\n}\n<\/style>\n\t<\/section>\n\t\n","protected":false},"excerpt":{"rendered":"","protected":false},"author":1,"featured_media":0,"parent":0,"menu_order":0,"comment_status":"closed","ping_status":"open","template":"","meta":{"footnotes":""},"class_list":["post-2","page","type-page","status-publish","hentry"],"_links":{"self":[{"href":"https:\/\/nhaco.com.vn\/index.php\/wp-json\/wp\/v2\/pages\/2","targetHints":{"allow":["GET"]}}],"collection":[{"href":"https:\/\/nhaco.com.vn\/index.php\/wp-json\/wp\/v2\/pages"}],"about":[{"href":"https:\/\/nhaco.com.vn\/index.php\/wp-json\/wp\/v2\/types\/page"}],"author":[{"embeddable":true,"href":"https:\/\/nhaco.com.vn\/index.php\/wp-json\/wp\/v2\/users\/1"}],"replies":[{"embeddable":true,"href":"https:\/\/nhaco.com.vn\/index.php\/wp-json\/wp\/v2\/comments?post=2"}],"version-history":[{"count":6,"href":"https:\/\/nhaco.com.vn\/index.php\/wp-json\/wp\/v2\/pages\/2\/revisions"}],"predecessor-version":[{"id":24,"href":"https:\/\/nhaco.com.vn\/index.php\/wp-json\/wp\/v2\/pages\/2\/revisions\/24"}],"wp:attachment":[{"href":"https:\/\/nhaco.com.vn\/index.php\/wp-json\/wp\/v2\/media?parent=2"}],"curies":[{"name":"wp","href":"https:\/\/api.w.org\/{rel}","templated":true}]}}